{"id":1846,"date":"2021-06-08T18:56:04","date_gmt":"2021-06-08T16:56:04","guid":{"rendered":"http:\/\/www.lecoindemarie.fr\/?page_id=1846"},"modified":"2025-02-06T12:09:53","modified_gmt":"2025-02-06T11:09:53","slug":"porte-monnaie","status":"publish","type":"page","link":"https:\/\/www.lecoindemarie.fr\/index.php\/porte-monnaie\/","title":{"rendered":"Porte-monnaie"},"content":{"rendered":"\n<div style=\"height:10px\" aria-hidden=\"true\" class=\"wp-block-spacer\"><\/div>\n\n\n\n<h1 class=\"wp-block-heading has-text-align-center has-background\" id=\"clic-clac\" style=\"background-color:#f5edef\"><em>Clic Clac<\/em><\/h1>\n\n\n\n<div style=\"height:25px\" aria-hidden=\"true\" class=\"wp-block-spacer\"><\/div>\n\n\n\n<div class=\"wp-block-media-text alignwide is-stacked-on-mobile has-background\" style=\"background-color:#f5edef;grid-template-columns:28% auto\"><figure class=\"wp-block-media-text__media\"><a href=\"https:\/\/www.lecoindemarie.fr\/wp-content\/uploads\/2021\/06\/porte-monnaie-noir-01_edited_edited-scaled.jpeg\"><img loading=\"lazy\" decoding=\"async\" width=\"768\" height=\"1024\" src=\"https:\/\/www.lecoindemarie.fr\/wp-content\/uploads\/2021\/06\/porte-monnaie-noir-01_edited_edited-768x1024.jpeg\" alt=\"\" class=\"wp-image-1851 size-full\" srcset=\"https:\/\/www.lecoindemarie.fr\/wp-content\/uploads\/2021\/06\/porte-monnaie-noir-01_edited_edited-768x1024.jpeg 768w, https:\/\/www.lecoindemarie.fr\/wp-content\/uploads\/2021\/06\/porte-monnaie-noir-01_edited_edited-225x300.jpeg 225w, https:\/\/www.lecoindemarie.fr\/wp-content\/uploads\/2021\/06\/porte-monnaie-noir-01_edited_edited-1152x1536.jpeg 1152w, https:\/\/www.lecoindemarie.fr\/wp-content\/uploads\/2021\/06\/porte-monnaie-noir-01_edited_edited-1536x2048.jpeg 1536w, https:\/\/www.lecoindemarie.fr\/wp-content\/uploads\/2021\/06\/porte-monnaie-noir-01_edited_edited-1140x1520.jpeg 1140w, https:\/\/www.lecoindemarie.fr\/wp-content\/uploads\/2021\/06\/porte-monnaie-noir-01_edited_edited-scaled.jpeg 1920w\" sizes=\"auto, (max-width: 768px) 100vw, 768px\" \/><\/a><\/figure><div class=\"wp-block-media-text__content\">\n<h4 class=\"wp-block-heading\" id=\"croco-noir\"><mark style=\"background-color:rgba(0, 0, 0, 0);color:#d07881\" class=\"has-inline-color\">Croco noir<\/mark><\/h4>\n\n\n\n<div style=\"height:20px\" aria-hidden=\"true\" class=\"wp-block-spacer\"><\/div>\n\n\n\n<ul class=\"wp-block-list\">\n<li>Cuir PU.<\/li>\n\n\n\n<li>Sans doublure.<\/li>\n\n\n\n<li>Fermoir Clic-clac.<\/li>\n\n\n\n<li>Dimensions : 8&#215;8 cm.<\/li>\n<\/ul>\n\n\n\n<p style=\"font-size:14px\"><mark style=\"background-color:rgba(0, 0, 0, 0);color:#d07881\" class=\"has-inline-color\"><em>Prix : 8 euros<\/em><\/mark>  <a href=\"https:\/\/www.ungrandmarche.fr\/boutique\/lecoindemarie\" target=\"_blank\" rel=\"noreferrer noopener\">\ud83d\uded2<\/a><\/p>\n\n\n\n<p style=\"font-size:12px\"><em>Mod\u00e8le printemps 2021<\/em><\/p>\n<\/div><\/div>\n\n\n\n<div style=\"height:25px\" aria-hidden=\"true\" class=\"wp-block-spacer\"><\/div>\n\n\n\n<div class=\"wp-block-columns is-layout-flex wp-container-core-columns-is-layout-9d6595d7 wp-block-columns-is-layout-flex\">\n<div class=\"wp-block-column is-layout-flow wp-block-column-is-layout-flow\">\n<div class=\"wp-block-columns is-layout-flex wp-container-core-columns-is-layout-9d6595d7 wp-block-columns-is-layout-flex\">\n<div class=\"wp-block-column is-layout-flow wp-block-column-is-layout-flow\">\n<figure data-wp-context=\"{&quot;imageId&quot;:&quot;69f2fdcd63142&quot;}\" data-wp-interactive=\"core\/image\" data-wp-key=\"69f2fdcd63142\" class=\"wp-block-image size-large wp-lightbox-container\"><img loading=\"lazy\" decoding=\"async\" width=\"768\" height=\"1024\" data-wp-class--hide=\"state.isContentHidden\" data-wp-class--show=\"state.isContentVisible\" data-wp-init=\"callbacks.setButtonStyles\" data-wp-on--click=\"actions.showLightbox\" data-wp-on--load=\"callbacks.setButtonStyles\" data-wp-on-window--resize=\"callbacks.setButtonStyles\" src=\"https:\/\/www.lecoindemarie.fr\/wp-content\/uploads\/2021\/06\/portes-monnaies-01.jpeg--768x1024.jpg\" alt=\"\" class=\"wp-image-1847\" srcset=\"https:\/\/www.lecoindemarie.fr\/wp-content\/uploads\/2021\/06\/portes-monnaies-01.jpeg--768x1024.jpg 768w, https:\/\/www.lecoindemarie.fr\/wp-content\/uploads\/2021\/06\/portes-monnaies-01.jpeg--225x300.jpg 225w, https:\/\/www.lecoindemarie.fr\/wp-content\/uploads\/2021\/06\/portes-monnaies-01.jpeg--1152x1536.jpg 1152w, https:\/\/www.lecoindemarie.fr\/wp-content\/uploads\/2021\/06\/portes-monnaies-01.jpeg--1536x2048.jpg 1536w, https:\/\/www.lecoindemarie.fr\/wp-content\/uploads\/2021\/06\/portes-monnaies-01.jpeg--1140x1520.jpg 1140w, https:\/\/www.lecoindemarie.fr\/wp-content\/uploads\/2021\/06\/portes-monnaies-01.jpeg--scaled.jpg 1920w\" sizes=\"auto, (max-width: 768px) 100vw, 768px\" \/><button\n\t\t\tclass=\"lightbox-trigger\"\n\t\t\ttype=\"button\"\n\t\t\taria-haspopup=\"dialog\"\n\t\t\taria-label=\"Agrandir\"\n\t\t\tdata-wp-init=\"callbacks.initTriggerButton\"\n\t\t\tdata-wp-on--click=\"actions.showLightbox\"\n\t\t\tdata-wp-style--right=\"state.imageButtonRight\"\n\t\t\tdata-wp-style--top=\"state.imageButtonTop\"\n\t\t>\n\t\t\t<svg xmlns=\"http:\/\/www.w3.org\/2000\/svg\" width=\"12\" height=\"12\" fill=\"none\" viewBox=\"0 0 12 12\">\n\t\t\t\t<path fill=\"#fff\" d=\"M2 0a2 2 0 0 0-2 2v2h1.5V2a.5.5 0 0 1 .5-.5h2V0H2Zm2 10.5H2a.5.5 0 0 1-.5-.5V8H0v2a2 2 0 0 0 2 2h2v-1.5ZM8 12v-1.5h2a.5.5 0 0 0 .5-.5V8H12v2a2 2 0 0 1-2 2H8Zm2-12a2 2 0 0 1 2 2v2h-1.5V2a.5.5 0 0 0-.5-.5H8V0h2Z\" \/>\n\t\t\t<\/svg>\n\t\t<\/button><\/figure>\n<\/div>\n\n\n\n<div class=\"wp-block-column is-layout-flow wp-block-column-is-layout-flow\">\n<figure data-wp-context=\"{&quot;imageId&quot;:&quot;69f2fdcd633d4&quot;}\" data-wp-interactive=\"core\/image\" data-wp-key=\"69f2fdcd633d4\" class=\"wp-block-image size-large wp-lightbox-container\"><img loading=\"lazy\" decoding=\"async\" width=\"1024\" height=\"768\" data-wp-class--hide=\"state.isContentHidden\" data-wp-class--show=\"state.isContentVisible\" data-wp-init=\"callbacks.setButtonStyles\" data-wp-on--click=\"actions.showLightbox\" data-wp-on--load=\"callbacks.setButtonStyles\" data-wp-on-window--resize=\"callbacks.setButtonStyles\" src=\"https:\/\/www.lecoindemarie.fr\/wp-content\/uploads\/2021\/06\/porte-monnaie-noir-02_edited_edited-1024x768.jpeg\" alt=\"\" class=\"wp-image-1852\" srcset=\"https:\/\/www.lecoindemarie.fr\/wp-content\/uploads\/2021\/06\/porte-monnaie-noir-02_edited_edited-1024x768.jpeg 1024w, https:\/\/www.lecoindemarie.fr\/wp-content\/uploads\/2021\/06\/porte-monnaie-noir-02_edited_edited-300x225.jpeg 300w, https:\/\/www.lecoindemarie.fr\/wp-content\/uploads\/2021\/06\/porte-monnaie-noir-02_edited_edited-768x576.jpeg 768w, https:\/\/www.lecoindemarie.fr\/wp-content\/uploads\/2021\/06\/porte-monnaie-noir-02_edited_edited-1536x1153.jpeg 1536w, https:\/\/www.lecoindemarie.fr\/wp-content\/uploads\/2021\/06\/porte-monnaie-noir-02_edited_edited-2048x1537.jpeg 2048w, https:\/\/www.lecoindemarie.fr\/wp-content\/uploads\/2021\/06\/porte-monnaie-noir-02_edited_edited-1140x855.jpeg 1140w\" sizes=\"auto, (max-width: 1024px) 100vw, 1024px\" \/><button\n\t\t\tclass=\"lightbox-trigger\"\n\t\t\ttype=\"button\"\n\t\t\taria-haspopup=\"dialog\"\n\t\t\taria-label=\"Agrandir\"\n\t\t\tdata-wp-init=\"callbacks.initTriggerButton\"\n\t\t\tdata-wp-on--click=\"actions.showLightbox\"\n\t\t\tdata-wp-style--right=\"state.imageButtonRight\"\n\t\t\tdata-wp-style--top=\"state.imageButtonTop\"\n\t\t>\n\t\t\t<svg xmlns=\"http:\/\/www.w3.org\/2000\/svg\" width=\"12\" height=\"12\" fill=\"none\" viewBox=\"0 0 12 12\">\n\t\t\t\t<path fill=\"#fff\" d=\"M2 0a2 2 0 0 0-2 2v2h1.5V2a.5.5 0 0 1 .5-.5h2V0H2Zm2 10.5H2a.5.5 0 0 1-.5-.5V8H0v2a2 2 0 0 0 2 2h2v-1.5ZM8 12v-1.5h2a.5.5 0 0 0 .5-.5V8H12v2a2 2 0 0 1-2 2H8Zm2-12a2 2 0 0 1 2 2v2h-1.5V2a.5.5 0 0 0-.5-.5H8V0h2Z\" \/>\n\t\t\t<\/svg>\n\t\t<\/button><\/figure>\n<\/div>\n<\/div>\n<\/div>\n\n\n\n<div class=\"wp-block-column is-layout-flow wp-block-column-is-layout-flow\"><\/div>\n<\/div>\n\n\n\n<div class=\"wp-block-media-text alignwide is-stacked-on-mobile has-background\" style=\"background-color:#f5edef;grid-template-columns:28% auto\"><figure class=\"wp-block-media-text__media\"><a href=\"https:\/\/www.lecoindemarie.fr\/wp-content\/uploads\/2021\/06\/porte-monnaie-liege-09-scaled.jpeg\"><img loading=\"lazy\" decoding=\"async\" width=\"768\" height=\"1024\" src=\"https:\/\/www.lecoindemarie.fr\/wp-content\/uploads\/2021\/06\/porte-monnaie-liege-09-768x1024.jpeg\" alt=\"\" class=\"wp-image-1883 size-full\" srcset=\"https:\/\/www.lecoindemarie.fr\/wp-content\/uploads\/2021\/06\/porte-monnaie-liege-09-768x1024.jpeg 768w, https:\/\/www.lecoindemarie.fr\/wp-content\/uploads\/2021\/06\/porte-monnaie-liege-09-225x300.jpeg 225w, https:\/\/www.lecoindemarie.fr\/wp-content\/uploads\/2021\/06\/porte-monnaie-liege-09-1152x1536.jpeg 1152w, https:\/\/www.lecoindemarie.fr\/wp-content\/uploads\/2021\/06\/porte-monnaie-liege-09-1536x2048.jpeg 1536w, https:\/\/www.lecoindemarie.fr\/wp-content\/uploads\/2021\/06\/porte-monnaie-liege-09-1140x1520.jpeg 1140w, https:\/\/www.lecoindemarie.fr\/wp-content\/uploads\/2021\/06\/porte-monnaie-liege-09-scaled.jpeg 1920w\" sizes=\"auto, (max-width: 768px) 100vw, 768px\" \/><\/a><\/figure><div class=\"wp-block-media-text__content\">\n<h4 class=\"wp-block-heading\" id=\"liege\"><mark style=\"background-color:rgba(0, 0, 0, 0);color:#d07881\" class=\"has-inline-color\">Li\u00e8ge<\/mark><\/h4>\n\n\n\n<div style=\"height:20px\" aria-hidden=\"true\" class=\"wp-block-spacer\"><\/div>\n\n\n\n<ul class=\"wp-block-list\">\n<li>Tissu li\u00e8ge paillet\u00e9 argent\u00e9.<\/li>\n\n\n\n<li>Doublure tissu coton uni \u00e9cru.<\/li>\n\n\n\n<li>Fermoir Clic-clac.<\/li>\n\n\n\n<li>Dimensions : 8&#215;8 cm.<\/li>\n<\/ul>\n\n\n\n<p style=\"font-size:14px\"><mark style=\"background-color:rgba(0, 0, 0, 0);color:#d07881\" class=\"has-inline-color\"><em>Prix : 10 euros<\/em><\/mark>   <a href=\"https:\/\/www.ungrandmarche.fr\/boutique\/lecoindemarie\" target=\"_blank\" rel=\"noreferrer noopener\">\ud83d\uded2<\/a> <\/p>\n\n\n\n<p style=\"font-size:12px\"><em>Mod\u00e8le printemps 2021<\/em><\/p>\n<\/div><\/div>\n\n\n\n<div style=\"height:25px\" aria-hidden=\"true\" class=\"wp-block-spacer\"><\/div>\n\n\n\n<div class=\"wp-block-columns is-layout-flex wp-container-core-columns-is-layout-9d6595d7 wp-block-columns-is-layout-flex\">\n<div class=\"wp-block-column is-layout-flow wp-block-column-is-layout-flow\">\n<div class=\"wp-block-columns is-layout-flex wp-container-core-columns-is-layout-9d6595d7 wp-block-columns-is-layout-flex\">\n<div class=\"wp-block-column is-layout-flow wp-block-column-is-layout-flow\">\n<figure data-wp-context=\"{&quot;imageId&quot;:&quot;69f2fdcd6380e&quot;}\" data-wp-interactive=\"core\/image\" data-wp-key=\"69f2fdcd6380e\" class=\"wp-block-image size-large wp-lightbox-container\"><img loading=\"lazy\" decoding=\"async\" width=\"768\" height=\"1024\" data-wp-class--hide=\"state.isContentHidden\" data-wp-class--show=\"state.isContentVisible\" data-wp-init=\"callbacks.setButtonStyles\" data-wp-on--click=\"actions.showLightbox\" data-wp-on--load=\"callbacks.setButtonStyles\" data-wp-on-window--resize=\"callbacks.setButtonStyles\" src=\"https:\/\/www.lecoindemarie.fr\/wp-content\/uploads\/2021\/06\/porte-monnaie-liege-blanc-01-1-768x1024.jpeg\" alt=\"\" class=\"wp-image-1860\" srcset=\"https:\/\/www.lecoindemarie.fr\/wp-content\/uploads\/2021\/06\/porte-monnaie-liege-blanc-01-1-768x1024.jpeg 768w, https:\/\/www.lecoindemarie.fr\/wp-content\/uploads\/2021\/06\/porte-monnaie-liege-blanc-01-1-225x300.jpeg 225w, https:\/\/www.lecoindemarie.fr\/wp-content\/uploads\/2021\/06\/porte-monnaie-liege-blanc-01-1-1152x1536.jpeg 1152w, https:\/\/www.lecoindemarie.fr\/wp-content\/uploads\/2021\/06\/porte-monnaie-liege-blanc-01-1-1536x2048.jpeg 1536w, https:\/\/www.lecoindemarie.fr\/wp-content\/uploads\/2021\/06\/porte-monnaie-liege-blanc-01-1-1140x1520.jpeg 1140w, https:\/\/www.lecoindemarie.fr\/wp-content\/uploads\/2021\/06\/porte-monnaie-liege-blanc-01-1-scaled.jpeg 1920w\" sizes=\"auto, (max-width: 768px) 100vw, 768px\" \/><button\n\t\t\tclass=\"lightbox-trigger\"\n\t\t\ttype=\"button\"\n\t\t\taria-haspopup=\"dialog\"\n\t\t\taria-label=\"Agrandir\"\n\t\t\tdata-wp-init=\"callbacks.initTriggerButton\"\n\t\t\tdata-wp-on--click=\"actions.showLightbox\"\n\t\t\tdata-wp-style--right=\"state.imageButtonRight\"\n\t\t\tdata-wp-style--top=\"state.imageButtonTop\"\n\t\t>\n\t\t\t<svg xmlns=\"http:\/\/www.w3.org\/2000\/svg\" width=\"12\" height=\"12\" fill=\"none\" viewBox=\"0 0 12 12\">\n\t\t\t\t<path fill=\"#fff\" d=\"M2 0a2 2 0 0 0-2 2v2h1.5V2a.5.5 0 0 1 .5-.5h2V0H2Zm2 10.5H2a.5.5 0 0 1-.5-.5V8H0v2a2 2 0 0 0 2 2h2v-1.5ZM8 12v-1.5h2a.5.5 0 0 0 .5-.5V8H12v2a2 2 0 0 1-2 2H8Zm2-12a2 2 0 0 1 2 2v2h-1.5V2a.5.5 0 0 0-.5-.5H8V0h2Z\" \/>\n\t\t\t<\/svg>\n\t\t<\/button><\/figure>\n<\/div>\n\n\n\n<div class=\"wp-block-column is-layout-flow wp-block-column-is-layout-flow\">\n<div class=\"wp-block-columns is-layout-flex wp-container-core-columns-is-layout-9d6595d7 wp-block-columns-is-layout-flex\">\n<div class=\"wp-block-column is-layout-flow wp-block-column-is-layout-flow\">\n<figure data-wp-context=\"{&quot;imageId&quot;:&quot;69f2fdcd6398c&quot;}\" data-wp-interactive=\"core\/image\" data-wp-key=\"69f2fdcd6398c\" class=\"wp-block-image size-large wp-lightbox-container\"><img loading=\"lazy\" decoding=\"async\" width=\"768\" height=\"1024\" data-wp-class--hide=\"state.isContentHidden\" data-wp-class--show=\"state.isContentVisible\" data-wp-init=\"callbacks.setButtonStyles\" data-wp-on--click=\"actions.showLightbox\" data-wp-on--load=\"callbacks.setButtonStyles\" data-wp-on-window--resize=\"callbacks.setButtonStyles\" src=\"https:\/\/www.lecoindemarie.fr\/wp-content\/uploads\/2021\/06\/portes-monnaies-01.jpeg--768x1024.jpg\" alt=\"\" class=\"wp-image-1847\" srcset=\"https:\/\/www.lecoindemarie.fr\/wp-content\/uploads\/2021\/06\/portes-monnaies-01.jpeg--768x1024.jpg 768w, https:\/\/www.lecoindemarie.fr\/wp-content\/uploads\/2021\/06\/portes-monnaies-01.jpeg--225x300.jpg 225w, https:\/\/www.lecoindemarie.fr\/wp-content\/uploads\/2021\/06\/portes-monnaies-01.jpeg--1152x1536.jpg 1152w, https:\/\/www.lecoindemarie.fr\/wp-content\/uploads\/2021\/06\/portes-monnaies-01.jpeg--1536x2048.jpg 1536w, https:\/\/www.lecoindemarie.fr\/wp-content\/uploads\/2021\/06\/portes-monnaies-01.jpeg--1140x1520.jpg 1140w, https:\/\/www.lecoindemarie.fr\/wp-content\/uploads\/2021\/06\/portes-monnaies-01.jpeg--scaled.jpg 1920w\" sizes=\"auto, (max-width: 768px) 100vw, 768px\" \/><button\n\t\t\tclass=\"lightbox-trigger\"\n\t\t\ttype=\"button\"\n\t\t\taria-haspopup=\"dialog\"\n\t\t\taria-label=\"Agrandir\"\n\t\t\tdata-wp-init=\"callbacks.initTriggerButton\"\n\t\t\tdata-wp-on--click=\"actions.showLightbox\"\n\t\t\tdata-wp-style--right=\"state.imageButtonRight\"\n\t\t\tdata-wp-style--top=\"state.imageButtonTop\"\n\t\t>\n\t\t\t<svg xmlns=\"http:\/\/www.w3.org\/2000\/svg\" width=\"12\" height=\"12\" fill=\"none\" viewBox=\"0 0 12 12\">\n\t\t\t\t<path fill=\"#fff\" d=\"M2 0a2 2 0 0 0-2 2v2h1.5V2a.5.5 0 0 1 .5-.5h2V0H2Zm2 10.5H2a.5.5 0 0 1-.5-.5V8H0v2a2 2 0 0 0 2 2h2v-1.5ZM8 12v-1.5h2a.5.5 0 0 0 .5-.5V8H12v2a2 2 0 0 1-2 2H8Zm2-12a2 2 0 0 1 2 2v2h-1.5V2a.5.5 0 0 0-.5-.5H8V0h2Z\" \/>\n\t\t\t<\/svg>\n\t\t<\/button><\/figure>\n<\/div>\n<\/div>\n<\/div>\n<\/div>\n<\/div>\n\n\n\n<div class=\"wp-block-column is-layout-flow wp-block-column-is-layout-flow\"><\/div>\n<\/div>\n\n\n\n<hr class=\"wp-block-separator has-css-opacity is-style-dots\"\/>\n\n\n\n<p class=\"has-text-align-center\" style=\"font-size:14px\"><strong><span style=\"color:#d07881\" class=\"has-inline-color\">Pour plus d\u2019information sur les mat\u00e9riaux utilis\u00e9s, cliquez&nbsp;<a href=\"https:\/\/www.lecoindemarie.fr\/index.php\/info-utiles\/#materiaux\"><em>ici<\/em><\/a>&nbsp;!<\/span><\/strong><\/p>\n\n\n\n<p class=\"has-text-align-center\" style=\"font-size:14px\"><mark style=\"background-color:rgba(0, 0, 0, 0);color:#d07881\" class=\"has-inline-color\"><strong>Contact :<\/strong>&nbsp;<a href=\"mailto:lecoindemarie@outlook.com\">lecoindemarie@outlook.com<\/a><\/mark><\/p>\n\n\n\n<hr class=\"wp-block-separator has-css-opacity is-style-dots\"\/>\n\n\n\n<p><\/p>\n","protected":false},"excerpt":{"rendered":"<p>Clic Clac Pour plus d\u2019information sur les mat\u00e9riaux utilis\u00e9s, cliquez&nbsp;ici&nbsp;! Contact :&nbsp;lecoindemarie@outlook.com<\/p>\n","protected":false},"author":1,"featured_media":0,"parent":0,"menu_order":0,"comment_status":"closed","ping_status":"closed","template":"","meta":{"footnotes":""},"class_list":["post-1846","page","type-page","status-publish","hentry"],"acf":[],"_links":{"self":[{"href":"https:\/\/www.lecoindemarie.fr\/index.php\/wp-json\/wp\/v2\/pages\/1846","targetHints":{"allow":["GET"]}}],"collection":[{"href":"https:\/\/www.lecoindemarie.fr\/index.php\/wp-json\/wp\/v2\/pages"}],"about":[{"href":"https:\/\/www.lecoindemarie.fr\/index.php\/wp-json\/wp\/v2\/types\/page"}],"author":[{"embeddable":true,"href":"https:\/\/www.lecoindemarie.fr\/index.php\/wp-json\/wp\/v2\/users\/1"}],"replies":[{"embeddable":true,"href":"https:\/\/www.lecoindemarie.fr\/index.php\/wp-json\/wp\/v2\/comments?post=1846"}],"version-history":[{"count":41,"href":"https:\/\/www.lecoindemarie.fr\/index.php\/wp-json\/wp\/v2\/pages\/1846\/revisions"}],"predecessor-version":[{"id":3064,"href":"https:\/\/www.lecoindemarie.fr\/index.php\/wp-json\/wp\/v2\/pages\/1846\/revisions\/3064"}],"wp:attachment":[{"href":"https:\/\/www.lecoindemarie.fr\/index.php\/wp-json\/wp\/v2\/media?parent=1846"}],"curies":[{"name":"wp","href":"https:\/\/api.w.org\/{rel}","templated":true}]}}