{"id":2581,"date":"2023-02-15T11:14:14","date_gmt":"2023-02-15T10:14:14","guid":{"rendered":"http:\/\/www.lecoindemarie.fr\/?page_id=2581"},"modified":"2025-02-06T12:05:26","modified_gmt":"2025-02-06T11:05:26","slug":"etuis-a-briquet-2","status":"publish","type":"page","link":"https:\/\/www.lecoindemarie.fr\/index.php\/etuis-a-briquet-2\/","title":{"rendered":"Etuis \u00e0 briquet"},"content":{"rendered":"\n<div style=\"height:10px\" aria-hidden=\"true\" class=\"wp-block-spacer\"><\/div>\n\n\n\n<h1 class=\"wp-block-heading has-text-align-center has-background has-x-large-font-size\" style=\"background-color:#f5edef\"><em>Etui \u00e0 briquet<\/em><\/h1>\n\n\n\n<div style=\"height:25px\" aria-hidden=\"true\" class=\"wp-block-spacer\"><\/div>\n\n\n\n<div class=\"wp-block-media-text alignwide is-stacked-on-mobile has-background\" style=\"background-color:#f5edef;grid-template-columns:29% auto\"><figure class=\"wp-block-media-text__media\"><a href=\"https:\/\/www.lecoindemarie.fr\/wp-content\/uploads\/2023\/02\/Cubes-gris-2-scaled.jpg\"><img loading=\"lazy\" decoding=\"async\" width=\"768\" height=\"1024\" src=\"https:\/\/www.lecoindemarie.fr\/wp-content\/uploads\/2023\/02\/Cubes-gris-2-768x1024.jpg\" alt=\"\" class=\"wp-image-2630 size-full\" srcset=\"https:\/\/www.lecoindemarie.fr\/wp-content\/uploads\/2023\/02\/Cubes-gris-2-768x1024.jpg 768w, https:\/\/www.lecoindemarie.fr\/wp-content\/uploads\/2023\/02\/Cubes-gris-2-225x300.jpg 225w, https:\/\/www.lecoindemarie.fr\/wp-content\/uploads\/2023\/02\/Cubes-gris-2-1152x1536.jpg 1152w, https:\/\/www.lecoindemarie.fr\/wp-content\/uploads\/2023\/02\/Cubes-gris-2-1536x2048.jpg 1536w, https:\/\/www.lecoindemarie.fr\/wp-content\/uploads\/2023\/02\/Cubes-gris-2-1140x1520.jpg 1140w, https:\/\/www.lecoindemarie.fr\/wp-content\/uploads\/2023\/02\/Cubes-gris-2-scaled.jpg 1920w\" sizes=\"auto, (max-width: 768px) 100vw, 768px\" \/><\/a><\/figure><div class=\"wp-block-media-text__content\">\n<h4 class=\"wp-block-heading\">Etui \u00e0 briquet &#8211; mini B..<\/h4>\n\n\n\n<div style=\"height:20px\" aria-hidden=\"true\" class=\"wp-block-spacer\"><\/div>\n\n\n\n<ul class=\"wp-block-list\">\n<li>Tissage en perles de verre de<em> Rocaille<\/em>s <strong>Miyuki<\/strong>.<\/li>\n\n\n\n<li>Dimensions tissage : environ 2,5 x 5,6 cm.<\/li>\n\n\n\n<li><strong>Briquet non inclus<\/strong>.<\/li>\n<\/ul>\n\n\n\n<p style=\"font-size:14px\"><em><mark style=\"background-color:rgba(0, 0, 0, 0);color:#d07881\" class=\"has-inline-color\">Prix : 29,90 euros<\/mark><\/em> <a href=\"https:\/\/www.ungrandmarche.fr\/boutiques\/p\/porte-cles%20et%20accessoires\/etui-a-briquet\/4490414?size=59645\" target=\"_blank\" rel=\"noreferrer noopener\">\ud83d\uded2<\/a><\/p>\n\n\n\n<p style=\"font-size:12px\"><em>Mod\u00e8le hiver 2023<\/em><\/p>\n<\/div><\/div>\n\n\n\n<div style=\"height:30px\" aria-hidden=\"true\" class=\"wp-block-spacer\"><\/div>\n\n\n\n<div class=\"wp-block-columns is-layout-flex wp-container-core-columns-is-layout-9d6595d7 wp-block-columns-is-layout-flex\">\n<div class=\"wp-block-column is-layout-flow wp-block-column-is-layout-flow\">\n<div class=\"wp-block-columns is-layout-flex wp-container-core-columns-is-layout-9d6595d7 wp-block-columns-is-layout-flex\">\n<div class=\"wp-block-column is-layout-flow wp-block-column-is-layout-flow\">\n<figure data-wp-context=\"{&quot;imageId&quot;:&quot;6a05fb5028915&quot;}\" data-wp-interactive=\"core\/image\" data-wp-key=\"6a05fb5028915\" class=\"wp-block-image size-large wp-lightbox-container\"><img loading=\"lazy\" decoding=\"async\" width=\"768\" height=\"1024\" data-wp-class--hide=\"state.isContentHidden\" data-wp-class--show=\"state.isContentVisible\" data-wp-init=\"callbacks.setButtonStyles\" data-wp-on--click=\"actions.showLightbox\" data-wp-on--load=\"callbacks.setButtonStyles\" data-wp-on-window--resize=\"callbacks.setButtonStyles\" src=\"https:\/\/www.lecoindemarie.fr\/wp-content\/uploads\/2023\/02\/Losanges-rouges-1--768x1024.jpg\" alt=\"\" class=\"wp-image-2623\" srcset=\"https:\/\/www.lecoindemarie.fr\/wp-content\/uploads\/2023\/02\/Losanges-rouges-1--768x1024.jpg 768w, https:\/\/www.lecoindemarie.fr\/wp-content\/uploads\/2023\/02\/Losanges-rouges-1--225x300.jpg 225w, https:\/\/www.lecoindemarie.fr\/wp-content\/uploads\/2023\/02\/Losanges-rouges-1--1152x1536.jpg 1152w, https:\/\/www.lecoindemarie.fr\/wp-content\/uploads\/2023\/02\/Losanges-rouges-1--1536x2048.jpg 1536w, https:\/\/www.lecoindemarie.fr\/wp-content\/uploads\/2023\/02\/Losanges-rouges-1--1140x1520.jpg 1140w, https:\/\/www.lecoindemarie.fr\/wp-content\/uploads\/2023\/02\/Losanges-rouges-1--scaled.jpg 1920w\" sizes=\"auto, (max-width: 768px) 100vw, 768px\" \/><button\n\t\t\tclass=\"lightbox-trigger\"\n\t\t\ttype=\"button\"\n\t\t\taria-haspopup=\"dialog\"\n\t\t\taria-label=\"Agrandir\"\n\t\t\tdata-wp-init=\"callbacks.initTriggerButton\"\n\t\t\tdata-wp-on--click=\"actions.showLightbox\"\n\t\t\tdata-wp-style--right=\"state.imageButtonRight\"\n\t\t\tdata-wp-style--top=\"state.imageButtonTop\"\n\t\t>\n\t\t\t<svg xmlns=\"http:\/\/www.w3.org\/2000\/svg\" width=\"12\" height=\"12\" fill=\"none\" viewBox=\"0 0 12 12\">\n\t\t\t\t<path fill=\"#fff\" d=\"M2 0a2 2 0 0 0-2 2v2h1.5V2a.5.5 0 0 1 .5-.5h2V0H2Zm2 10.5H2a.5.5 0 0 1-.5-.5V8H0v2a2 2 0 0 0 2 2h2v-1.5ZM8 12v-1.5h2a.5.5 0 0 0 .5-.5V8H12v2a2 2 0 0 1-2 2H8Zm2-12a2 2 0 0 1 2 2v2h-1.5V2a.5.5 0 0 0-.5-.5H8V0h2Z\" \/>\n\t\t\t<\/svg>\n\t\t<\/button><figcaption class=\"wp-element-caption\"><em>Losanges (rouge)<\/em> <mark style=\"background-color:rgba(0, 0, 0, 0)\" class=\"has-inline-color has-vivid-red-color\"><strong>Vendu<\/strong><\/mark><\/figcaption><\/figure>\n<\/div>\n\n\n\n<div class=\"wp-block-column is-layout-flow wp-block-column-is-layout-flow\">\n<figure data-wp-context=\"{&quot;imageId&quot;:&quot;6a05fb5028fc7&quot;}\" data-wp-interactive=\"core\/image\" data-wp-key=\"6a05fb5028fc7\" class=\"wp-block-image size-large wp-lightbox-container\"><img loading=\"lazy\" decoding=\"async\" width=\"768\" height=\"1024\" data-wp-class--hide=\"state.isContentHidden\" data-wp-class--show=\"state.isContentVisible\" data-wp-init=\"callbacks.setButtonStyles\" data-wp-on--click=\"actions.showLightbox\" data-wp-on--load=\"callbacks.setButtonStyles\" data-wp-on-window--resize=\"callbacks.setButtonStyles\" src=\"https:\/\/www.lecoindemarie.fr\/wp-content\/uploads\/2023\/02\/Losanges-bronze-2-768x1024.jpg\" alt=\"\" class=\"wp-image-2624\" srcset=\"https:\/\/www.lecoindemarie.fr\/wp-content\/uploads\/2023\/02\/Losanges-bronze-2-768x1025.jpg 768w, https:\/\/www.lecoindemarie.fr\/wp-content\/uploads\/2023\/02\/Losanges-bronze-2-225x300.jpg 225w, https:\/\/www.lecoindemarie.fr\/wp-content\/uploads\/2023\/02\/Losanges-bronze-2-1151x1536.jpg 1151w, https:\/\/www.lecoindemarie.fr\/wp-content\/uploads\/2023\/02\/Losanges-bronze-2-1535x2048.jpg 1535w, https:\/\/www.lecoindemarie.fr\/wp-content\/uploads\/2023\/02\/Losanges-bronze-2-1140x1521.jpg 1140w, https:\/\/www.lecoindemarie.fr\/wp-content\/uploads\/2023\/02\/Losanges-bronze-2-scaled.jpg 1919w\" sizes=\"auto, (max-width: 768px) 100vw, 768px\" \/><button\n\t\t\tclass=\"lightbox-trigger\"\n\t\t\ttype=\"button\"\n\t\t\taria-haspopup=\"dialog\"\n\t\t\taria-label=\"Agrandir\"\n\t\t\tdata-wp-init=\"callbacks.initTriggerButton\"\n\t\t\tdata-wp-on--click=\"actions.showLightbox\"\n\t\t\tdata-wp-style--right=\"state.imageButtonRight\"\n\t\t\tdata-wp-style--top=\"state.imageButtonTop\"\n\t\t>\n\t\t\t<svg xmlns=\"http:\/\/www.w3.org\/2000\/svg\" width=\"12\" height=\"12\" fill=\"none\" viewBox=\"0 0 12 12\">\n\t\t\t\t<path fill=\"#fff\" d=\"M2 0a2 2 0 0 0-2 2v2h1.5V2a.5.5 0 0 1 .5-.5h2V0H2Zm2 10.5H2a.5.5 0 0 1-.5-.5V8H0v2a2 2 0 0 0 2 2h2v-1.5ZM8 12v-1.5h2a.5.5 0 0 0 .5-.5V8H12v2a2 2 0 0 1-2 2H8Zm2-12a2 2 0 0 1 2 2v2h-1.5V2a.5.5 0 0 0-.5-.5H8V0h2Z\" \/>\n\t\t\t<\/svg>\n\t\t<\/button><figcaption class=\"wp-element-caption\"><em>Losanges (bronze)<\/em> <mark style=\"background-color:rgba(0, 0, 0, 0)\" class=\"has-inline-color has-vivid-red-color\"><strong>Vendu<\/strong><\/mark><\/figcaption><\/figure>\n<\/div>\n<\/div>\n<\/div>\n\n\n\n<div class=\"wp-block-column is-layout-flow wp-block-column-is-layout-flow\">\n<div class=\"wp-block-columns is-layout-flex wp-container-core-columns-is-layout-9d6595d7 wp-block-columns-is-layout-flex\">\n<div class=\"wp-block-column is-layout-flow wp-block-column-is-layout-flow\">\n<figure data-wp-context=\"{&quot;imageId&quot;:&quot;6a05fb502976f&quot;}\" data-wp-interactive=\"core\/image\" data-wp-key=\"6a05fb502976f\" class=\"wp-block-image size-large wp-lightbox-container\"><img loading=\"lazy\" decoding=\"async\" width=\"768\" height=\"1024\" data-wp-class--hide=\"state.isContentHidden\" data-wp-class--show=\"state.isContentVisible\" data-wp-init=\"callbacks.setButtonStyles\" data-wp-on--click=\"actions.showLightbox\" data-wp-on--load=\"callbacks.setButtonStyles\" data-wp-on-window--resize=\"callbacks.setButtonStyles\" src=\"https:\/\/www.lecoindemarie.fr\/wp-content\/uploads\/2023\/02\/losanges-bronze-1-768x1024.jpg\" alt=\"\" class=\"wp-image-2622\" srcset=\"https:\/\/www.lecoindemarie.fr\/wp-content\/uploads\/2023\/02\/losanges-bronze-1-768x1024.jpg 768w, https:\/\/www.lecoindemarie.fr\/wp-content\/uploads\/2023\/02\/losanges-bronze-1-225x300.jpg 225w, https:\/\/www.lecoindemarie.fr\/wp-content\/uploads\/2023\/02\/losanges-bronze-1-1152x1536.jpg 1152w, https:\/\/www.lecoindemarie.fr\/wp-content\/uploads\/2023\/02\/losanges-bronze-1-1535x2048.jpg 1535w, https:\/\/www.lecoindemarie.fr\/wp-content\/uploads\/2023\/02\/losanges-bronze-1-1140x1521.jpg 1140w, https:\/\/www.lecoindemarie.fr\/wp-content\/uploads\/2023\/02\/losanges-bronze-1-scaled.jpg 1919w\" sizes=\"auto, (max-width: 768px) 100vw, 768px\" \/><button\n\t\t\tclass=\"lightbox-trigger\"\n\t\t\ttype=\"button\"\n\t\t\taria-haspopup=\"dialog\"\n\t\t\taria-label=\"Agrandir\"\n\t\t\tdata-wp-init=\"callbacks.initTriggerButton\"\n\t\t\tdata-wp-on--click=\"actions.showLightbox\"\n\t\t\tdata-wp-style--right=\"state.imageButtonRight\"\n\t\t\tdata-wp-style--top=\"state.imageButtonTop\"\n\t\t>\n\t\t\t<svg xmlns=\"http:\/\/www.w3.org\/2000\/svg\" width=\"12\" height=\"12\" fill=\"none\" viewBox=\"0 0 12 12\">\n\t\t\t\t<path fill=\"#fff\" d=\"M2 0a2 2 0 0 0-2 2v2h1.5V2a.5.5 0 0 1 .5-.5h2V0H2Zm2 10.5H2a.5.5 0 0 1-.5-.5V8H0v2a2 2 0 0 0 2 2h2v-1.5ZM8 12v-1.5h2a.5.5 0 0 0 .5-.5V8H12v2a2 2 0 0 1-2 2H8Zm2-12a2 2 0 0 1 2 2v2h-1.5V2a.5.5 0 0 0-.5-.5H8V0h2Z\" \/>\n\t\t\t<\/svg>\n\t\t<\/button><figcaption class=\"wp-element-caption\"><em>Losanges (bronze)<\/em> <mark style=\"background-color:rgba(0, 0, 0, 0)\" class=\"has-inline-color has-vivid-red-color\"><strong>Vendu<\/strong><\/mark><\/figcaption><\/figure>\n<\/div>\n\n\n\n<div class=\"wp-block-column is-layout-flow wp-block-column-is-layout-flow\">\n<figure data-wp-context=\"{&quot;imageId&quot;:&quot;6a05fb5029da8&quot;}\" data-wp-interactive=\"core\/image\" data-wp-key=\"6a05fb5029da8\" class=\"wp-block-image size-large wp-lightbox-container\"><img loading=\"lazy\" decoding=\"async\" width=\"768\" height=\"1024\" data-wp-class--hide=\"state.isContentHidden\" data-wp-class--show=\"state.isContentVisible\" data-wp-init=\"callbacks.setButtonStyles\" data-wp-on--click=\"actions.showLightbox\" data-wp-on--load=\"callbacks.setButtonStyles\" data-wp-on-window--resize=\"callbacks.setButtonStyles\" src=\"https:\/\/www.lecoindemarie.fr\/wp-content\/uploads\/2023\/02\/petits-cubes-rouge-1-768x1024.jpg\" alt=\"\" class=\"wp-image-2620\" srcset=\"https:\/\/www.lecoindemarie.fr\/wp-content\/uploads\/2023\/02\/petits-cubes-rouge-1-768x1024.jpg 768w, https:\/\/www.lecoindemarie.fr\/wp-content\/uploads\/2023\/02\/petits-cubes-rouge-1-225x300.jpg 225w, https:\/\/www.lecoindemarie.fr\/wp-content\/uploads\/2023\/02\/petits-cubes-rouge-1-1152x1536.jpg 1152w, https:\/\/www.lecoindemarie.fr\/wp-content\/uploads\/2023\/02\/petits-cubes-rouge-1-1535x2048.jpg 1535w, https:\/\/www.lecoindemarie.fr\/wp-content\/uploads\/2023\/02\/petits-cubes-rouge-1-1140x1521.jpg 1140w, https:\/\/www.lecoindemarie.fr\/wp-content\/uploads\/2023\/02\/petits-cubes-rouge-1-scaled.jpg 1919w\" sizes=\"auto, (max-width: 768px) 100vw, 768px\" \/><button\n\t\t\tclass=\"lightbox-trigger\"\n\t\t\ttype=\"button\"\n\t\t\taria-haspopup=\"dialog\"\n\t\t\taria-label=\"Agrandir\"\n\t\t\tdata-wp-init=\"callbacks.initTriggerButton\"\n\t\t\tdata-wp-on--click=\"actions.showLightbox\"\n\t\t\tdata-wp-style--right=\"state.imageButtonRight\"\n\t\t\tdata-wp-style--top=\"state.imageButtonTop\"\n\t\t>\n\t\t\t<svg xmlns=\"http:\/\/www.w3.org\/2000\/svg\" width=\"12\" height=\"12\" fill=\"none\" viewBox=\"0 0 12 12\">\n\t\t\t\t<path fill=\"#fff\" d=\"M2 0a2 2 0 0 0-2 2v2h1.5V2a.5.5 0 0 1 .5-.5h2V0H2Zm2 10.5H2a.5.5 0 0 1-.5-.5V8H0v2a2 2 0 0 0 2 2h2v-1.5ZM8 12v-1.5h2a.5.5 0 0 0 .5-.5V8H12v2a2 2 0 0 1-2 2H8Zm2-12a2 2 0 0 1 2 2v2h-1.5V2a.5.5 0 0 0-.5-.5H8V0h2Z\" \/>\n\t\t\t<\/svg>\n\t\t<\/button><figcaption class=\"wp-element-caption\"><em>Petits cubes (rouge)<\/em><\/figcaption><\/figure>\n<\/div>\n<\/div>\n<\/div>\n<\/div>\n\n\n\n<div class=\"wp-block-columns is-layout-flex wp-container-core-columns-is-layout-9d6595d7 wp-block-columns-is-layout-flex\">\n<div class=\"wp-block-column is-layout-flow wp-block-column-is-layout-flow\">\n<div class=\"wp-block-columns is-layout-flex wp-container-core-columns-is-layout-9d6595d7 wp-block-columns-is-layout-flex\">\n<div class=\"wp-block-column is-layout-flow wp-block-column-is-layout-flow\">\n<figure data-wp-context=\"{&quot;imageId&quot;:&quot;6a05fb502a5d3&quot;}\" data-wp-interactive=\"core\/image\" data-wp-key=\"6a05fb502a5d3\" class=\"wp-block-image size-large wp-lightbox-container\"><img loading=\"lazy\" decoding=\"async\" width=\"768\" height=\"1024\" data-wp-class--hide=\"state.isContentHidden\" data-wp-class--show=\"state.isContentVisible\" data-wp-init=\"callbacks.setButtonStyles\" data-wp-on--click=\"actions.showLightbox\" data-wp-on--load=\"callbacks.setButtonStyles\" data-wp-on-window--resize=\"callbacks.setButtonStyles\" src=\"https:\/\/www.lecoindemarie.fr\/wp-content\/uploads\/2023\/02\/Cubes-gris-2-768x1024.jpg\" alt=\"\" class=\"wp-image-2630\" srcset=\"https:\/\/www.lecoindemarie.fr\/wp-content\/uploads\/2023\/02\/Cubes-gris-2-768x1024.jpg 768w, https:\/\/www.lecoindemarie.fr\/wp-content\/uploads\/2023\/02\/Cubes-gris-2-225x300.jpg 225w, https:\/\/www.lecoindemarie.fr\/wp-content\/uploads\/2023\/02\/Cubes-gris-2-1152x1536.jpg 1152w, https:\/\/www.lecoindemarie.fr\/wp-content\/uploads\/2023\/02\/Cubes-gris-2-1536x2048.jpg 1536w, https:\/\/www.lecoindemarie.fr\/wp-content\/uploads\/2023\/02\/Cubes-gris-2-1140x1520.jpg 1140w, https:\/\/www.lecoindemarie.fr\/wp-content\/uploads\/2023\/02\/Cubes-gris-2-scaled.jpg 1920w\" sizes=\"auto, (max-width: 768px) 100vw, 768px\" \/><button\n\t\t\tclass=\"lightbox-trigger\"\n\t\t\ttype=\"button\"\n\t\t\taria-haspopup=\"dialog\"\n\t\t\taria-label=\"Agrandir\"\n\t\t\tdata-wp-init=\"callbacks.initTriggerButton\"\n\t\t\tdata-wp-on--click=\"actions.showLightbox\"\n\t\t\tdata-wp-style--right=\"state.imageButtonRight\"\n\t\t\tdata-wp-style--top=\"state.imageButtonTop\"\n\t\t>\n\t\t\t<svg xmlns=\"http:\/\/www.w3.org\/2000\/svg\" width=\"12\" height=\"12\" fill=\"none\" viewBox=\"0 0 12 12\">\n\t\t\t\t<path fill=\"#fff\" d=\"M2 0a2 2 0 0 0-2 2v2h1.5V2a.5.5 0 0 1 .5-.5h2V0H2Zm2 10.5H2a.5.5 0 0 1-.5-.5V8H0v2a2 2 0 0 0 2 2h2v-1.5ZM8 12v-1.5h2a.5.5 0 0 0 .5-.5V8H12v2a2 2 0 0 1-2 2H8Zm2-12a2 2 0 0 1 2 2v2h-1.5V2a.5.5 0 0 0-.5-.5H8V0h2Z\" \/>\n\t\t\t<\/svg>\n\t\t<\/button><figcaption class=\"wp-element-caption\"><em>Cubes (gris)<\/em><\/figcaption><\/figure>\n<\/div>\n\n\n\n<div class=\"wp-block-column is-layout-flow wp-block-column-is-layout-flow\">\n<figure data-wp-context=\"{&quot;imageId&quot;:&quot;6a05fb502ac0c&quot;}\" data-wp-interactive=\"core\/image\" data-wp-key=\"6a05fb502ac0c\" class=\"wp-block-image size-large wp-lightbox-container\"><img loading=\"lazy\" decoding=\"async\" width=\"768\" height=\"1024\" data-wp-class--hide=\"state.isContentHidden\" data-wp-class--show=\"state.isContentVisible\" data-wp-init=\"callbacks.setButtonStyles\" data-wp-on--click=\"actions.showLightbox\" data-wp-on--load=\"callbacks.setButtonStyles\" data-wp-on-window--resize=\"callbacks.setButtonStyles\" src=\"https:\/\/www.lecoindemarie.fr\/wp-content\/uploads\/2023\/02\/Cubes-gris-1-768x1024.jpg\" alt=\"\" class=\"wp-image-2629\" srcset=\"https:\/\/www.lecoindemarie.fr\/wp-content\/uploads\/2023\/02\/Cubes-gris-1-768x1024.jpg 768w, https:\/\/www.lecoindemarie.fr\/wp-content\/uploads\/2023\/02\/Cubes-gris-1-225x300.jpg 225w, https:\/\/www.lecoindemarie.fr\/wp-content\/uploads\/2023\/02\/Cubes-gris-1-1152x1536.jpg 1152w, https:\/\/www.lecoindemarie.fr\/wp-content\/uploads\/2023\/02\/Cubes-gris-1-1535x2048.jpg 1535w, https:\/\/www.lecoindemarie.fr\/wp-content\/uploads\/2023\/02\/Cubes-gris-1-1140x1521.jpg 1140w, https:\/\/www.lecoindemarie.fr\/wp-content\/uploads\/2023\/02\/Cubes-gris-1-scaled.jpg 1919w\" sizes=\"auto, (max-width: 768px) 100vw, 768px\" \/><button\n\t\t\tclass=\"lightbox-trigger\"\n\t\t\ttype=\"button\"\n\t\t\taria-haspopup=\"dialog\"\n\t\t\taria-label=\"Agrandir\"\n\t\t\tdata-wp-init=\"callbacks.initTriggerButton\"\n\t\t\tdata-wp-on--click=\"actions.showLightbox\"\n\t\t\tdata-wp-style--right=\"state.imageButtonRight\"\n\t\t\tdata-wp-style--top=\"state.imageButtonTop\"\n\t\t>\n\t\t\t<svg xmlns=\"http:\/\/www.w3.org\/2000\/svg\" width=\"12\" height=\"12\" fill=\"none\" viewBox=\"0 0 12 12\">\n\t\t\t\t<path fill=\"#fff\" d=\"M2 0a2 2 0 0 0-2 2v2h1.5V2a.5.5 0 0 1 .5-.5h2V0H2Zm2 10.5H2a.5.5 0 0 1-.5-.5V8H0v2a2 2 0 0 0 2 2h2v-1.5ZM8 12v-1.5h2a.5.5 0 0 0 .5-.5V8H12v2a2 2 0 0 1-2 2H8Zm2-12a2 2 0 0 1 2 2v2h-1.5V2a.5.5 0 0 0-.5-.5H8V0h2Z\" \/>\n\t\t\t<\/svg>\n\t\t<\/button><figcaption class=\"wp-element-caption\"><em>Cubes (gris)<\/em><\/figcaption><\/figure>\n<\/div>\n<\/div>\n<\/div>\n\n\n\n<div class=\"wp-block-column is-layout-flow wp-block-column-is-layout-flow\">\n<div class=\"wp-block-columns is-layout-flex wp-container-core-columns-is-layout-9d6595d7 wp-block-columns-is-layout-flex\">\n<div class=\"wp-block-column is-layout-flow wp-block-column-is-layout-flow\">\n<figure data-wp-context=\"{&quot;imageId&quot;:&quot;6a05fb502b302&quot;}\" data-wp-interactive=\"core\/image\" data-wp-key=\"6a05fb502b302\" class=\"wp-block-image size-large wp-lightbox-container\"><img loading=\"lazy\" decoding=\"async\" width=\"768\" height=\"1024\" data-wp-class--hide=\"state.isContentHidden\" data-wp-class--show=\"state.isContentVisible\" data-wp-init=\"callbacks.setButtonStyles\" data-wp-on--click=\"actions.showLightbox\" data-wp-on--load=\"callbacks.setButtonStyles\" data-wp-on-window--resize=\"callbacks.setButtonStyles\" src=\"https:\/\/www.lecoindemarie.fr\/wp-content\/uploads\/2023\/02\/Cubes-bronze-1-768x1024.jpg\" alt=\"\" class=\"wp-image-2628\" srcset=\"https:\/\/www.lecoindemarie.fr\/wp-content\/uploads\/2023\/02\/Cubes-bronze-1-768x1024.jpg 768w, https:\/\/www.lecoindemarie.fr\/wp-content\/uploads\/2023\/02\/Cubes-bronze-1-225x300.jpg 225w, https:\/\/www.lecoindemarie.fr\/wp-content\/uploads\/2023\/02\/Cubes-bronze-1-1152x1536.jpg 1152w, https:\/\/www.lecoindemarie.fr\/wp-content\/uploads\/2023\/02\/Cubes-bronze-1-1537x2048.jpg 1537w, https:\/\/www.lecoindemarie.fr\/wp-content\/uploads\/2023\/02\/Cubes-bronze-1-1140x1519.jpg 1140w, https:\/\/www.lecoindemarie.fr\/wp-content\/uploads\/2023\/02\/Cubes-bronze-1-scaled.jpg 1921w\" sizes=\"auto, (max-width: 768px) 100vw, 768px\" \/><button\n\t\t\tclass=\"lightbox-trigger\"\n\t\t\ttype=\"button\"\n\t\t\taria-haspopup=\"dialog\"\n\t\t\taria-label=\"Agrandir\"\n\t\t\tdata-wp-init=\"callbacks.initTriggerButton\"\n\t\t\tdata-wp-on--click=\"actions.showLightbox\"\n\t\t\tdata-wp-style--right=\"state.imageButtonRight\"\n\t\t\tdata-wp-style--top=\"state.imageButtonTop\"\n\t\t>\n\t\t\t<svg xmlns=\"http:\/\/www.w3.org\/2000\/svg\" width=\"12\" height=\"12\" fill=\"none\" viewBox=\"0 0 12 12\">\n\t\t\t\t<path fill=\"#fff\" d=\"M2 0a2 2 0 0 0-2 2v2h1.5V2a.5.5 0 0 1 .5-.5h2V0H2Zm2 10.5H2a.5.5 0 0 1-.5-.5V8H0v2a2 2 0 0 0 2 2h2v-1.5ZM8 12v-1.5h2a.5.5 0 0 0 .5-.5V8H12v2a2 2 0 0 1-2 2H8Zm2-12a2 2 0 0 1 2 2v2h-1.5V2a.5.5 0 0 0-.5-.5H8V0h2Z\" \/>\n\t\t\t<\/svg>\n\t\t<\/button><figcaption class=\"wp-element-caption\"><em>Cubes (bronze)<\/em><\/figcaption><\/figure>\n<\/div>\n\n\n\n<div class=\"wp-block-column is-layout-flow wp-block-column-is-layout-flow\">\n<div class=\"wp-block-columns is-layout-flex wp-container-core-columns-is-layout-9d6595d7 wp-block-columns-is-layout-flex\">\n<div class=\"wp-block-column is-layout-flow wp-block-column-is-layout-flow\">\n<figure data-wp-context=\"{&quot;imageId&quot;:&quot;6a05fb502b9af&quot;}\" data-wp-interactive=\"core\/image\" data-wp-key=\"6a05fb502b9af\" class=\"wp-block-image size-large wp-lightbox-container\"><img loading=\"lazy\" decoding=\"async\" width=\"1024\" height=\"768\" data-wp-class--hide=\"state.isContentHidden\" data-wp-class--show=\"state.isContentVisible\" data-wp-init=\"callbacks.setButtonStyles\" data-wp-on--click=\"actions.showLightbox\" data-wp-on--load=\"callbacks.setButtonStyles\" data-wp-on-window--resize=\"callbacks.setButtonStyles\" src=\"https:\/\/www.lecoindemarie.fr\/wp-content\/uploads\/2023\/02\/petits-cubes-rouge-2-1024x768.jpg\" alt=\"\" class=\"wp-image-2621\" srcset=\"https:\/\/www.lecoindemarie.fr\/wp-content\/uploads\/2023\/02\/petits-cubes-rouge-2-1024x768.jpg 1024w, https:\/\/www.lecoindemarie.fr\/wp-content\/uploads\/2023\/02\/petits-cubes-rouge-2-300x225.jpg 300w, https:\/\/www.lecoindemarie.fr\/wp-content\/uploads\/2023\/02\/petits-cubes-rouge-2-768x576.jpg 768w, https:\/\/www.lecoindemarie.fr\/wp-content\/uploads\/2023\/02\/petits-cubes-rouge-2-1536x1152.jpg 1536w, https:\/\/www.lecoindemarie.fr\/wp-content\/uploads\/2023\/02\/petits-cubes-rouge-2-2048x1536.jpg 2048w, https:\/\/www.lecoindemarie.fr\/wp-content\/uploads\/2023\/02\/petits-cubes-rouge-2-1140x855.jpg 1140w\" sizes=\"auto, (max-width: 1024px) 100vw, 1024px\" \/><button\n\t\t\tclass=\"lightbox-trigger\"\n\t\t\ttype=\"button\"\n\t\t\taria-haspopup=\"dialog\"\n\t\t\taria-label=\"Agrandir\"\n\t\t\tdata-wp-init=\"callbacks.initTriggerButton\"\n\t\t\tdata-wp-on--click=\"actions.showLightbox\"\n\t\t\tdata-wp-style--right=\"state.imageButtonRight\"\n\t\t\tdata-wp-style--top=\"state.imageButtonTop\"\n\t\t>\n\t\t\t<svg xmlns=\"http:\/\/www.w3.org\/2000\/svg\" width=\"12\" height=\"12\" fill=\"none\" viewBox=\"0 0 12 12\">\n\t\t\t\t<path fill=\"#fff\" d=\"M2 0a2 2 0 0 0-2 2v2h1.5V2a.5.5 0 0 1 .5-.5h2V0H2Zm2 10.5H2a.5.5 0 0 1-.5-.5V8H0v2a2 2 0 0 0 2 2h2v-1.5ZM8 12v-1.5h2a.5.5 0 0 0 .5-.5V8H12v2a2 2 0 0 1-2 2H8Zm2-12a2 2 0 0 1 2 2v2h-1.5V2a.5.5 0 0 0-.5-.5H8V0h2Z\" \/>\n\t\t\t<\/svg>\n\t\t<\/button><\/figure>\n<\/div>\n<\/div>\n\n\n\n<div class=\"wp-block-columns is-layout-flex wp-container-core-columns-is-layout-9d6595d7 wp-block-columns-is-layout-flex\">\n<div class=\"wp-block-column is-layout-flow wp-block-column-is-layout-flow\">\n<figure data-wp-context=\"{&quot;imageId&quot;:&quot;6a05fb502c025&quot;}\" data-wp-interactive=\"core\/image\" data-wp-key=\"6a05fb502c025\" class=\"wp-block-image size-large wp-lightbox-container\"><img loading=\"lazy\" decoding=\"async\" width=\"1024\" height=\"768\" data-wp-class--hide=\"state.isContentHidden\" data-wp-class--show=\"state.isContentVisible\" data-wp-init=\"callbacks.setButtonStyles\" data-wp-on--click=\"actions.showLightbox\" data-wp-on--load=\"callbacks.setButtonStyles\" data-wp-on-window--resize=\"callbacks.setButtonStyles\" src=\"https:\/\/www.lecoindemarie.fr\/wp-content\/uploads\/2023\/02\/Losanges-rouge-3-1024x768.jpg\" alt=\"\" class=\"wp-image-2626\" srcset=\"https:\/\/www.lecoindemarie.fr\/wp-content\/uploads\/2023\/02\/Losanges-rouge-3-1024x768.jpg 1024w, https:\/\/www.lecoindemarie.fr\/wp-content\/uploads\/2023\/02\/Losanges-rouge-3-300x225.jpg 300w, https:\/\/www.lecoindemarie.fr\/wp-content\/uploads\/2023\/02\/Losanges-rouge-3-768x576.jpg 768w, https:\/\/www.lecoindemarie.fr\/wp-content\/uploads\/2023\/02\/Losanges-rouge-3-1536x1152.jpg 1536w, https:\/\/www.lecoindemarie.fr\/wp-content\/uploads\/2023\/02\/Losanges-rouge-3-2048x1536.jpg 2048w, https:\/\/www.lecoindemarie.fr\/wp-content\/uploads\/2023\/02\/Losanges-rouge-3-1140x855.jpg 1140w\" sizes=\"auto, (max-width: 1024px) 100vw, 1024px\" \/><button\n\t\t\tclass=\"lightbox-trigger\"\n\t\t\ttype=\"button\"\n\t\t\taria-haspopup=\"dialog\"\n\t\t\taria-label=\"Agrandir\"\n\t\t\tdata-wp-init=\"callbacks.initTriggerButton\"\n\t\t\tdata-wp-on--click=\"actions.showLightbox\"\n\t\t\tdata-wp-style--right=\"state.imageButtonRight\"\n\t\t\tdata-wp-style--top=\"state.imageButtonTop\"\n\t\t>\n\t\t\t<svg xmlns=\"http:\/\/www.w3.org\/2000\/svg\" width=\"12\" height=\"12\" fill=\"none\" viewBox=\"0 0 12 12\">\n\t\t\t\t<path fill=\"#fff\" d=\"M2 0a2 2 0 0 0-2 2v2h1.5V2a.5.5 0 0 1 .5-.5h2V0H2Zm2 10.5H2a.5.5 0 0 1-.5-.5V8H0v2a2 2 0 0 0 2 2h2v-1.5ZM8 12v-1.5h2a.5.5 0 0 0 .5-.5V8H12v2a2 2 0 0 1-2 2H8Zm2-12a2 2 0 0 1 2 2v2h-1.5V2a.5.5 0 0 0-.5-.5H8V0h2Z\" \/>\n\t\t\t<\/svg>\n\t\t<\/button><\/figure>\n<\/div>\n<\/div>\n<\/div>\n<\/div>\n<\/div>\n<\/div>\n\n\n\n<hr class=\"wp-block-separator has-alpha-channel-opacity is-style-dots\"\/>\n\n\n\n<p class=\"has-text-align-center\"><strong><mark style=\"background-color:rgba(0, 0, 0, 0);color:#d07881\" class=\"has-inline-color\">Pour plus d&rsquo;information sur les mat\u00e9riaux utilis\u00e9s, cliquez<\/mark><\/strong> <em><strong><a href=\"https:\/\/www.lecoindemarie.fr\/index.php\/info-utiles\/\">ici<\/a><\/strong><\/em> <strong><mark style=\"background-color:rgba(0, 0, 0, 0);color:#d07881\" class=\"has-inline-color\">!<\/mark><\/strong><\/p>\n\n\n\n<p class=\"has-text-align-center\"><mark style=\"background-color:rgba(0, 0, 0, 0);color:#d07881\" class=\"has-inline-color\"><strong>Contact :<\/strong> <\/mark><a href=\"mailto:lecoindemarie@outlook.com\">lecoindemarie@outlook.com<\/a><\/p>\n\n\n\n<hr class=\"wp-block-separator has-alpha-channel-opacity is-style-dots\"\/>\n\n\n\n<div class=\"wp-block-media-text alignwide is-stacked-on-mobile\"><figure class=\"wp-block-media-text__media\"><\/figure><div class=\"wp-block-media-text__content\">\n<p><\/p>\n<\/div><\/div>\n","protected":false},"excerpt":{"rendered":"<p>Etui \u00e0 briquet Pour plus d&rsquo;information sur les mat\u00e9riaux utilis\u00e9s, cliquez ici ! Contact : lecoindemarie@outlook.com<\/p>\n","protected":false},"author":1,"featured_media":0,"parent":0,"menu_order":0,"comment_status":"closed","ping_status":"closed","template":"","meta":{"footnotes":""},"class_list":["post-2581","page","type-page","status-publish","hentry"],"acf":[],"_links":{"self":[{"href":"https:\/\/www.lecoindemarie.fr\/index.php\/wp-json\/wp\/v2\/pages\/2581","targetHints":{"allow":["GET"]}}],"collection":[{"href":"https:\/\/www.lecoindemarie.fr\/index.php\/wp-json\/wp\/v2\/pages"}],"about":[{"href":"https:\/\/www.lecoindemarie.fr\/index.php\/wp-json\/wp\/v2\/types\/page"}],"author":[{"embeddable":true,"href":"https:\/\/www.lecoindemarie.fr\/index.php\/wp-json\/wp\/v2\/users\/1"}],"replies":[{"embeddable":true,"href":"https:\/\/www.lecoindemarie.fr\/index.php\/wp-json\/wp\/v2\/comments?post=2581"}],"version-history":[{"count":30,"href":"https:\/\/www.lecoindemarie.fr\/index.php\/wp-json\/wp\/v2\/pages\/2581\/revisions"}],"predecessor-version":[{"id":3061,"href":"https:\/\/www.lecoindemarie.fr\/index.php\/wp-json\/wp\/v2\/pages\/2581\/revisions\/3061"}],"wp:attachment":[{"href":"https:\/\/www.lecoindemarie.fr\/index.php\/wp-json\/wp\/v2\/media?parent=2581"}],"curies":[{"name":"wp","href":"https:\/\/api.w.org\/{rel}","templated":true}]}}