{"id":356,"date":"2021-02-01T20:38:38","date_gmt":"2021-02-01T19:38:38","guid":{"rendered":"http:\/\/192.168.0.14\/lecoindemarie\/?page_id=356"},"modified":"2023-06-24T23:22:51","modified_gmt":"2023-06-24T21:22:51","slug":"mon-coin","status":"publish","type":"page","link":"https:\/\/www.lecoindemarie.fr\/index.php\/mon-coin\/","title":{"rendered":"A propos"},"content":{"rendered":"\n<div class=\"wp-block-media-text alignwide is-stacked-on-mobile is-vertically-aligned-center has-background\" style=\"background-color:#f5edef;grid-template-columns:31% auto\"><figure class=\"wp-block-media-text__media\"><img loading=\"lazy\" decoding=\"async\" width=\"2631\" height=\"3511\" src=\"http:\/\/www.likan.net\/lecoindemarie\/wp-content\/uploads\/2021\/02\/Photo-coin-2.jpeg\" alt=\"\" class=\"wp-image-361 size-full\"\/><\/figure><div class=\"wp-block-media-text__content\">\n<h2 class=\"wp-block-heading\">Tout d&rsquo;abord&#8230;<\/h2>\n\n\n\n<div style=\"height:40px\" aria-hidden=\"true\" class=\"wp-block-spacer\"><\/div>\n\n\n\n<p class=\"has-text-align-left\" style=\"font-size:15px\"><mark style=\"background-color:rgba(0, 0, 0, 0);color:#d07881\" class=\"has-inline-color\"><strong>Merci <\/strong><\/mark> \u00e0 toute les personnes qui m&rsquo;ont aid\u00e9 \u00e0 r\u00e9aliser ce projet.<\/p>\n\n\n\n<p style=\"font-size:15px\">Pour leur soutien moral, conceptuel, technique et financier&#8230; <\/p>\n\n\n\n<p style=\"font-size:15px\">Merci Maman, Papa, Mamy, David mon mari, Rapha\u00ebl mon bigchou !<\/p>\n\n\n\n<p class=\"has-text-align-left\" style=\"font-size:15px\">Et un big up \u00e0 Samira! Qui a plant\u00e9 la graine de ce projet dans mon esprit, et qui n&rsquo;a de cesse de m&rsquo;encourager et de croire en moi !<\/p>\n<\/div><\/div>\n\n\n\n<div style=\"height:45px\" aria-hidden=\"true\" class=\"wp-block-spacer\"><\/div>\n\n\n\n<div class=\"wp-block-group\"><div class=\"wp-block-group__inner-container is-layout-flow wp-block-group-is-layout-flow\">\n<div class=\"wp-block-group\"><div class=\"wp-block-group__inner-container is-layout-flow wp-block-group-is-layout-flow\">\n<p class=\"has-black-color has-text-color\">Le coin de Marie\u2026 Un lieu n&rsquo;appartenant qu&rsquo;\u00e0 moi ! Celui o\u00f9 je me pose, me retrouve, me lib\u00e8re ! Je tisse, je couds, j&rsquo;assemble, je pense\u2026<\/p>\n<\/div><\/div>\n<\/div><\/div>\n\n\n\n<div class=\"wp-block-group\"><div class=\"wp-block-group__inner-container is-layout-flow wp-block-group-is-layout-flow\"><\/div><\/div>\n\n\n\n<div class=\"wp-block-group\"><div class=\"wp-block-group__inner-container is-layout-flow wp-block-group-is-layout-flow\">\n<p>C\u2019est ma passion pour la couture qui m\u2019a men\u00e9e (de fil en aiguille) au tissage de perles et enfin \u00e0 la r\u00e9alisation de bijoux. A pr\u00e9sent, j\u2019entretiens le doux r\u00eave d\u2019obtenir suffisamment de ressources pour continuer \u00e0 pratiquer, \u00e9voluer, et, qui sait, transformer ce loisir en une activit\u00e9 \u00e0 plein temps !<\/p>\n\n\n\n<p>Chaque pi\u00e8ce r\u00e9alis\u00e9e demande un investissement certain en temps et en mat\u00e9riaux, c\u2019est pourquoi j\u2019en produis peu de chaque mod\u00e8le.<\/p>\n\n\n\n<p>N\u2019h\u00e9sitez pas \u00e0 me contacter pour toute demande d\u2019information ou autre&nbsp;! <a href=\"mailto:lecoindemarie@outlook.com\" target=\"_blank\" rel=\"noreferrer noopener\">lecoindemarie@outlook.com<\/a><\/p>\n\n\n\n<p>Retrouvez ma boutique en ligne directement sur <a rel=\"noreferrer noopener\" href=\"https:\/\/www.ungrandmarche.fr\/boutique\/lecoindemarie\" target=\"_blank\">https:\/\/www.ungrandmarche.fr\/boutique\/lecoindemarie<\/a><\/p>\n\n\n\n<p>Au plaisir,<\/p>\n\n\n\n<p>Marie<\/p>\n\n\n\n<p style=\"font-size:14px\"><\/p>\n<\/div><\/div>\n\n\n\n<div style=\"height:45px\" aria-hidden=\"true\" class=\"wp-block-spacer\"><\/div>\n\n\n\n<div class=\"wp-block-columns is-layout-flex wp-container-core-columns-is-layout-9d6595d7 wp-block-columns-is-layout-flex\">\n<div class=\"wp-block-column is-layout-flow wp-block-column-is-layout-flow\" style=\"flex-basis:100%\">\n<div class=\"wp-block-columns is-layout-flex wp-container-core-columns-is-layout-9d6595d7 wp-block-columns-is-layout-flex\">\n<div class=\"wp-block-column is-layout-flow wp-block-column-is-layout-flow\">\n<figure class=\"wp-block-image size-large\"><a href=\"http:\/\/www.likan.net\/lecoindemarie\/wp-content\/uploads\/2021\/02\/Photo-coin-mains-02-2.jpeg\"><img decoding=\"async\" src=\"http:\/\/www.likan.net\/lecoindemarie\/wp-content\/uploads\/2021\/02\/Photo-coin-mains-02-2.jpeg\" alt=\"\"\/><\/a><\/figure>\n<\/div>\n\n\n\n<div class=\"wp-block-column is-layout-flow wp-block-column-is-layout-flow\">\n<figure class=\"wp-block-image size-large\"><a href=\"http:\/\/www.likan.net\/lecoindemarie\/wp-content\/uploads\/2021\/02\/Photo-coin-2-01.jpeg\"><img decoding=\"async\" src=\"http:\/\/www.likan.net\/lecoindemarie\/wp-content\/uploads\/2021\/02\/Photo-coin-2-01.jpeg\" alt=\"\"\/><\/a><\/figure>\n<\/div>\n\n\n\n<div class=\"wp-block-column is-layout-flow wp-block-column-is-layout-flow\">\n<figure class=\"wp-block-image size-large\"><a href=\"http:\/\/www.likan.net\/lecoindemarie\/wp-content\/uploads\/2021\/02\/PSX_20210201_205525.jpg\"><img decoding=\"async\" src=\"http:\/\/www.likan.net\/lecoindemarie\/wp-content\/uploads\/2021\/02\/PSX_20210201_205525.jpg\" alt=\"\"\/><\/a><\/figure>\n\n\n\n<p><\/p>\n<\/div>\n<\/div>\n<\/div>\n<\/div>\n","protected":false},"excerpt":{"rendered":"<p>Le coin de Marie\u2026 Un lieu n&rsquo;appartenant qu&rsquo;\u00e0 moi ! Celui o\u00f9 je me pose, me retrouve, me lib\u00e8re ! Je tisse, je couds, j&rsquo;assemble, je pense\u2026 C\u2019est ma passion pour la couture qui m\u2019a men\u00e9e (de fil en aiguille) au tissage de perles et enfin \u00e0 la r\u00e9alisation de bijoux. A pr\u00e9sent, j\u2019entretiens le doux r\u00eave d\u2019obtenir suffisamment de ressources pour continuer \u00e0 pratiquer, \u00e9voluer, et, qui sait, transformer ce loisir en une activit\u00e9 \u00e0 plein temps ! Chaque pi\u00e8ce r\u00e9alis\u00e9e demande un investissement certain en temps et en mat\u00e9riaux, c\u2019est pourquoi j\u2019en produis peu de chaque mod\u00e8le. N\u2019h\u00e9sitez pas \u00e0 me contacter pour toute demande d\u2019information ou autre&nbsp;! lecoindemarie@outlook.com Retrouvez ma boutique en ligne directement sur https:\/\/www.ungrandmarche.fr\/boutique\/lecoindemarie Au plaisir, Marie<\/p>\n","protected":false},"author":1,"featured_media":0,"parent":0,"menu_order":0,"comment_status":"closed","ping_status":"closed","template":"","meta":{"footnotes":""},"class_list":["post-356","page","type-page","status-publish","hentry"],"acf":[],"_links":{"self":[{"href":"https:\/\/www.lecoindemarie.fr\/index.php\/wp-json\/wp\/v2\/pages\/356","targetHints":{"allow":["GET"]}}],"collection":[{"href":"https:\/\/www.lecoindemarie.fr\/index.php\/wp-json\/wp\/v2\/pages"}],"about":[{"href":"https:\/\/www.lecoindemarie.fr\/index.php\/wp-json\/wp\/v2\/types\/page"}],"author":[{"embeddable":true,"href":"https:\/\/www.lecoindemarie.fr\/index.php\/wp-json\/wp\/v2\/users\/1"}],"replies":[{"embeddable":true,"href":"https:\/\/www.lecoindemarie.fr\/index.php\/wp-json\/wp\/v2\/comments?post=356"}],"version-history":[{"count":84,"href":"https:\/\/www.lecoindemarie.fr\/index.php\/wp-json\/wp\/v2\/pages\/356\/revisions"}],"predecessor-version":[{"id":2677,"href":"https:\/\/www.lecoindemarie.fr\/index.php\/wp-json\/wp\/v2\/pages\/356\/revisions\/2677"}],"wp:attachment":[{"href":"https:\/\/www.lecoindemarie.fr\/index.php\/wp-json\/wp\/v2\/media?parent=356"}],"curies":[{"name":"wp","href":"https:\/\/api.w.org\/{rel}","templated":true}]}}