{"id":61,"date":"2021-01-11T23:44:53","date_gmt":"2021-01-11T22:44:53","guid":{"rendered":"http:\/\/192.168.0.14\/lecoindemarie\/?page_id=61"},"modified":"2021-05-12T12:29:31","modified_gmt":"2021-05-12T10:29:31","slug":"info-utiles","status":"publish","type":"page","link":"https:\/\/www.lecoindemarie.fr\/index.php\/info-utiles\/","title":{"rendered":"Infos utiles"},"content":{"rendered":"\n<div class=\"wp-block-columns is-layout-flex wp-container-core-columns-is-layout-9d6595d7 wp-block-columns-is-layout-flex\">\n<div class=\"wp-block-column is-layout-flow wp-block-column-is-layout-flow\" style=\"flex-basis:100%\">\n<h2 class=\"alignwide has-text-align-center has-background wp-block-heading\" style=\"background-color:#f5edef\"><span style=\"color:#d07881\" class=\"has-inline-color\">Entretien<\/span><\/h2>\n<\/div>\n<\/div>\n\n\n\n<div style=\"height:20px\" aria-hidden=\"true\" class=\"wp-block-spacer\"><\/div>\n\n\n\n<p class=\"has-normal-font-size\"><strong>Essuyez vos bijoux apr\u00e8s les avoir port\u00e9s.<\/strong><\/p>\n\n\n\n<p class=\"has-normal-font-size\">Les stocker dans un endroit <strong>SEC<\/strong> \u00e0 l&rsquo;abri de la lumi\u00e8re !<\/p>\n\n\n\n<ul class=\"has-normal-font-size wp-block-list\"><li>L&rsquo;id\u00e9al est de les ranger dans une boite ferm\u00e9e, herm\u00e9tique \u00e0 la lumi\u00e8re et la poussi\u00e8re (salle de bain \u00e0 proscrire). \u00c9vitez de mettre en contact diff\u00e9rent m\u00e9taux.<\/li><\/ul>\n\n\n\n<div style=\"height:10px\" aria-hidden=\"true\" class=\"wp-block-spacer\"><\/div>\n\n\n\n<p class=\"has-normal-font-size\"><strong>Pour pr\u00e9server vos bijoux<\/strong> (notamment les bijoux en m\u00e9tal de l&rsquo;oxydation &#8211; m\u00eame si cela est in\u00e9vitable nous pouvons tout de m\u00eame ralentir cet effet)<\/p>\n\n\n\n<ul id=\"entretien\" class=\"has-normal-font-size wp-block-list\"><li>Veillez \u00e0 les retirer avant une activit\u00e9 physique, avant de dormir, de prendre une douche ou un bain (mer, piscine, etc.), de faire usage de produits m\u00e9nagers, et si possible retirez-les avant de vous laver les mains !<\/li><\/ul>\n\n\n\n<div style=\"height:10px\" aria-hidden=\"true\" class=\"wp-block-spacer\"><\/div>\n\n\n\n<p class=\"has-normal-font-size\"><strong>Pour nettoyer vos bijoux oxyd\u00e9s<\/strong><\/p>\n\n\n\n<ul class=\"has-normal-font-size wp-block-list\"><li>Les faire tremper dans un bol d&rsquo;eau chaude (mais pas trop, il faut pouvoir plonger les doigts sans se br\u00fbler) dilu\u00e9e avec du vinaigre blanc ou du jus de citron (ajoutez \u00e9ventuellement une cuill\u00e8re \u00e0 caf\u00e9 de bicarbonate de soude). Frotter d\u00e9licatement avec une brosse \u00e0 dent \u00e0 poils doux.<\/li><li><strong>Bien s\u00e9cher<\/strong> et lustrer avec un chiffon doux<\/li><\/ul>\n\n\n\n<p style=\"font-size:15px\"><em>Pour une l\u00e9g\u00e8re oxydation, j&rsquo;utilise un chiffon doux imbib\u00e9 d&rsquo;un peu de jus de citron<\/em>, <em>je frotte, et termine le s\u00e9chage en lustrant avec un linge doux<\/em>.<\/p>\n\n\n\n<div style=\"height:15px\" aria-hidden=\"true\" class=\"wp-block-spacer\"><\/div>\n\n\n\n<p style=\"font-size:17px\"><strong><span class=\"has-inline-color has-vivid-red-color\">ATTENTION!<\/span><\/strong> Cette m\u00e9thode est trop abrasive pour les bijoux plaqu\u00e9s (or, argent, traitement anti-ternissement, etc.), cela risquerait de faire disparaitre le plaquage.<\/p>\n\n\n\n<ul class=\"has-normal-font-size wp-block-list\"><li>Pour bien faire,&nbsp;nettoyez&nbsp;r\u00e9guli\u00e8rement \u00e0 l&rsquo;aide d&rsquo;une petite \u00e9ponge impr\u00e9gn\u00e9e d&rsquo;eau avec un peu de savon, rincer puis essuyez-les \u00e0 l&rsquo;aide d&rsquo;un linge doux.<\/li><li>pour un l\u00e9ger noircissement vous pouvez frotter le bijoux avec un oignon. <\/li><\/ul>\n\n\n\n<p><\/p>\n\n\n\n<div style=\"height:30px\" aria-hidden=\"true\" class=\"wp-block-spacer\"><\/div>\n\n\n\n<div class=\"wp-block-columns is-layout-flex wp-container-core-columns-is-layout-9d6595d7 wp-block-columns-is-layout-flex\">\n<div class=\"wp-block-column is-layout-flow wp-block-column-is-layout-flow\" style=\"flex-basis:100%\">\n<h2 class=\"has-text-align-center has-background wp-block-heading\" style=\"background-color:#f5edef\"><span style=\"color:#d07881\" class=\"has-inline-color\">Oxydation<\/span><\/h2>\n\n\n\n<div style=\"height:20px\" aria-hidden=\"true\" class=\"wp-block-spacer\"><\/div>\n\n\n\n<p><strong>Seul l&rsquo;or est inalt\u00e9rable !<\/strong><\/p>\n\n\n\n<p style=\"font-size:15px\"><em>Quant \u00e0 l&rsquo;acier inoxydable, tout d\u00e9pend du pourcentage de chrome. C<em>&lsquo;est seulement au del\u00e0 de 10,5% que la couche protectrice <\/em>d&rsquo;oxyde de chrome qui lui conf\u00e8re son caract\u00e8re inoxydable se forme<\/em>.<\/p>\n\n\n\n<p class=\"has-normal-font-size\"><strong>Cause de l&rsquo;oxydation :<\/strong><\/p>\n\n\n\n<ul class=\"has-normal-font-size wp-block-list\"><li>Dioxyg\u00e8ne de l&rsquo;air.<\/li><li>L&rsquo;eau, l&rsquo;humidit\u00e9.<\/li><li>PH de la peau (plus il est \u00e9lev\u00e9, plus rapide sera l&rsquo;oxydation).<\/li><li>Produits d&rsquo;entretien.<\/li><li>Poussi\u00e8res.<\/li><\/ul>\n\n\n\n<div style=\"height:30px\" aria-hidden=\"true\" class=\"wp-block-spacer\"><\/div>\n<\/div>\n<\/div>\n\n\n\n<div class=\"wp-block-columns is-layout-flex wp-container-core-columns-is-layout-9d6595d7 wp-block-columns-is-layout-flex\">\n<div class=\"wp-block-column is-layout-flow wp-block-column-is-layout-flow\" style=\"flex-basis:100%\">\n<h2 class=\"has-text-align-center has-background wp-block-heading\" id=\"materiaux\" style=\"background-color:#f5edef\"><span style=\"color:#d07881\" class=\"has-inline-color\">Mat\u00e9riaux utilis\u00e9s:<\/span> <\/h2>\n\n\n\n<div style=\"height:20px\" aria-hidden=\"true\" class=\"wp-block-spacer\"><\/div>\n\n\n\n<p><strong>Perles :<\/strong><\/p>\n\n\n\n<ul class=\"wp-block-list\"><li>Pour le tissage de perles (Brickstich, Peyote, etc.), je travaille majoritairement avec des perles en verre de la marque <strong>Miyuki<\/strong>, utilisant principalement les r\u00e9f\u00e9rences avec une protection <em>Duracoat<\/em> , leur conf\u00e9rant une tr\u00e8s bonne tenue des couleurs (il faudra tout de m\u00eame \u00e9viter l&rsquo;eau de mer et la piscine).<\/li><li>Pour la r\u00e9alisation du tissage, j&rsquo;utilise des <strong>fils de nylon<\/strong> tress\u00e9s (tresse fusionn\u00e9e) allant d&rsquo;une r\u00e9sistance de <strong>5,9 kilos \u00e0 7,9 kilos.<\/strong><\/li><\/ul>\n\n\n\n<div style=\"height:20px\" aria-hidden=\"true\" class=\"wp-block-spacer\"><\/div>\n\n\n\n<p><strong>M\u00e9taux :<\/strong><\/p>\n\n\n\n<p style=\"font-size:15px\"><em>Les fils m\u00e9talliques utilis\u00e9s pour la fabrication d&rsquo;appr\u00eats ou le Wire Wrapping sont sans nickel, sans cadmium, et sans plomb.<\/em><\/p>\n\n\n\n<ul class=\"wp-block-list\"><li>Laiton (alliage de cuivre et de zinc &#8211; pour un laiton classique, autour de 30% de zinc).<\/li><li>Cuivre brut.<\/li><li>Cuivre brut plaqu\u00e9 argent.<\/li><li>Acier inoxydable 304 (alliage de fer et de carbone).<\/li><\/ul>\n\n\n\n<div style=\"height:10px\" aria-hidden=\"true\" class=\"wp-block-spacer\"><\/div>\n<\/div>\n<\/div>\n\n\n\n<p class=\"has-normal-font-size\" id=\"renaissance\">Je finis toute mes cr\u00e9ations avec un lustrage \u00e0 la cire <strong><em>Renaissance<\/em><\/strong>.<\/p>\n\n\n\n<p class=\"has-normal-font-size\"><em><strong>Renaissance<\/strong><\/em> est une cire microcristalline sans acide, au ph neutre. Cr\u00e9\u00e9e dans les laboratoires du British Museum dans les ann\u00e9es 50, cette cire est utilis\u00e9e dans le monde entier pour la protection des \u0153uvres dans les mus\u00e9es mais \u00e9galement dans l&rsquo;entretien des monuments, sculptures, instruments et autres objets pr\u00e9cieux .<\/p>\n\n\n\n<p class=\"has-normal-font-size\">Elle est id\u00e9ale pour une utilisation sur tous les supports : mati\u00e8res naturelles, m\u00e9taux (y compris patin\u00e9s), l&rsquo;os, les pierres, les perles fines ou de culture, la porcelaine, le bois, le papier (y compris blanc), le verre, le cuir, etc. <\/p>\n\n\n\n<p class=\"has-normal-font-size\">Elle prot\u00e8ge les bijoux du ternissement et de la corrosion en formant un rev\u00eatement brillant, transparent et r\u00e9sistant.<\/p>\n\n\n\n<p class=\"has-normal-font-size\"><em>L&rsquo;id\u00e9al serait de renouveler l&rsquo;application de temps en temps, selon les conditions et la fr\u00e9quence \u00e0 laquelle vous portez vos bijoux<\/em>&#8230;<\/p>\n\n\n\n<div style=\"height:50px\" aria-hidden=\"true\" class=\"wp-block-spacer\"><\/div>\n\n\n\n<h2 class=\"has-text-align-center has-background wp-block-heading\" id=\"mensuration\" style=\"background-color:#f5edef\"><span style=\"color:#d07881\" class=\"has-inline-color\">Mensurations<\/span><\/h2>\n\n\n\n<div style=\"height:20px\" aria-hidden=\"true\" class=\"wp-block-spacer\"><\/div>\n\n\n\n<div class=\"wp-block-media-text alignwide has-media-on-the-right is-stacked-on-mobile\" style=\"grid-template-columns:auto 54%\"><figure class=\"wp-block-media-text__media\"><a href=\"http:\/\/www.likan.net\/lecoindemarie\/wp-content\/uploads\/2021\/03\/Tableau-conversion-2_page-0001-edited.jpg\"><img loading=\"lazy\" decoding=\"async\" width=\"1241\" height=\"776\" src=\"http:\/\/www.likan.net\/lecoindemarie\/wp-content\/uploads\/2021\/03\/Tableau-conversion-2_page-0001-edited.jpg\" alt=\"\" class=\"wp-image-1357 size-full\" srcset=\"https:\/\/www.lecoindemarie.fr\/wp-content\/uploads\/2021\/03\/Tableau-conversion-2_page-0001-edited.jpg 1241w, https:\/\/www.lecoindemarie.fr\/wp-content\/uploads\/2021\/03\/Tableau-conversion-2_page-0001-edited-300x188.jpg 300w, https:\/\/www.lecoindemarie.fr\/wp-content\/uploads\/2021\/03\/Tableau-conversion-2_page-0001-edited-1024x640.jpg 1024w, https:\/\/www.lecoindemarie.fr\/wp-content\/uploads\/2021\/03\/Tableau-conversion-2_page-0001-edited-768x480.jpg 768w, https:\/\/www.lecoindemarie.fr\/wp-content\/uploads\/2021\/03\/Tableau-conversion-2_page-0001-edited-1140x713.jpg 1140w\" sizes=\"auto, (max-width: 1241px) 100vw, 1241px\" \/><\/a><\/figure><div class=\"wp-block-media-text__content\">\n<ul class=\"has-normal-font-size wp-block-list\"><li>Toutes les tailles de bagues sont d\u00e9termin\u00e9es \u00e0 l&rsquo;aide d&rsquo;un mandrin gradu\u00e9 pour bagues. <\/li><\/ul>\n\n\n\n<ul class=\"has-normal-font-size wp-block-list\"><li>Lorsque que l&rsquo;anneau est large, le diam\u00e8tre peut sembler plus ajust\u00e9 (cela d\u00e9pend de la morphologie du doigt).<\/li><\/ul>\n\n\n\n<ul class=\"has-normal-font-size wp-block-list\"><li>Pour les bagues d&rsquo;une largeur d&rsquo;au moins 10 mm, la mesure s&rsquo;effectue au milieu de celle-ci.<\/li><\/ul>\n<\/div><\/div>\n\n\n\n<p><\/p>\n","protected":false},"excerpt":{"rendered":"<p>Entretien Essuyez vos bijoux apr\u00e8s les avoir port\u00e9s. Les stocker dans un endroit SEC \u00e0 l&rsquo;abri de la lumi\u00e8re ! L&rsquo;id\u00e9al est de les ranger dans une boite ferm\u00e9e, herm\u00e9tique \u00e0 la lumi\u00e8re et la poussi\u00e8re (salle de bain \u00e0 proscrire). \u00c9vitez de mettre en contact diff\u00e9rent m\u00e9taux. Pour pr\u00e9server vos bijoux (notamment les bijoux en m\u00e9tal de l&rsquo;oxydation &#8211; m\u00eame si cela est in\u00e9vitable nous pouvons tout de m\u00eame ralentir cet effet) Veillez \u00e0 les retirer avant une activit\u00e9 physique, avant de dormir, de prendre une douche ou un bain (mer, piscine, etc.), de faire usage de produits m\u00e9nagers, et si possible retirez-les avant de vous laver les mains ! Pour nettoyer vos bijoux oxyd\u00e9s Les faire tremper dans un bol d&rsquo;eau chaude (mais pas trop, il faut pouvoir plonger les doigts sans se br\u00fbler) dilu\u00e9e avec du vinaigre blanc ou du jus de citron (ajoutez \u00e9ventuellement une cuill\u00e8re \u00e0 caf\u00e9 de bicarbonate de soude). Frotter d\u00e9licatement avec une brosse \u00e0 dent \u00e0 poils doux. Bien s\u00e9cher et lustrer avec un chiffon doux Pour une l\u00e9g\u00e8re oxydation, j&rsquo;utilise un chiffon doux imbib\u00e9 d&rsquo;un peu de jus de citron, je frotte, et termine le s\u00e9chage en lustrant avec un linge doux. ATTENTION! Cette m\u00e9thode est trop abrasive pour les bijoux plaqu\u00e9s (or, argent, traitement anti-ternissement, etc.), cela risquerait de faire disparaitre le plaquage. Pour bien faire,&nbsp;nettoyez&nbsp;r\u00e9guli\u00e8rement \u00e0 l&rsquo;aide d&rsquo;une petite \u00e9ponge impr\u00e9gn\u00e9e d&rsquo;eau avec un peu de savon, rincer puis essuyez-les \u00e0 l&rsquo;aide d&rsquo;un linge doux. pour un l\u00e9ger noircissement vous pouvez frotter le bijoux avec un oignon. Oxydation Seul l&rsquo;or est inalt\u00e9rable ! Quant \u00e0 l&rsquo;acier inoxydable, tout d\u00e9pend du pourcentage de chrome. C&lsquo;est seulement au del\u00e0 de 10,5% que la couche protectrice d&rsquo;oxyde de chrome qui lui conf\u00e8re son caract\u00e8re inoxydable se forme. Cause de l&rsquo;oxydation : Dioxyg\u00e8ne de l&rsquo;air. L&rsquo;eau, l&rsquo;humidit\u00e9. PH de la peau (plus il est \u00e9lev\u00e9, plus rapide sera l&rsquo;oxydation). Produits d&rsquo;entretien. Poussi\u00e8res. Mat\u00e9riaux utilis\u00e9s: Perles : Pour le tissage de perles (Brickstich, Peyote, etc.), je travaille majoritairement avec des perles en verre de la marque Miyuki, utilisant principalement les r\u00e9f\u00e9rences avec une protection Duracoat , leur conf\u00e9rant une tr\u00e8s bonne tenue des couleurs (il faudra tout de m\u00eame \u00e9viter l&rsquo;eau de mer et la piscine). Pour la r\u00e9alisation du tissage, j&rsquo;utilise des fils de nylon tress\u00e9s (tresse fusionn\u00e9e) allant d&rsquo;une r\u00e9sistance de 5,9 kilos \u00e0 7,9 kilos. M\u00e9taux : Les fils m\u00e9talliques utilis\u00e9s pour la fabrication d&rsquo;appr\u00eats ou le Wire Wrapping sont sans nickel, sans cadmium, et sans plomb. Laiton (alliage de cuivre et de zinc &#8211; pour un laiton classique, autour de 30% de zinc). Cuivre brut. Cuivre brut plaqu\u00e9 argent. Acier inoxydable 304 (alliage de fer et de carbone). Je finis toute mes cr\u00e9ations avec un lustrage \u00e0 la cire Renaissance. Renaissance est une cire microcristalline sans acide, au ph neutre. Cr\u00e9\u00e9e dans les laboratoires du British Museum dans les ann\u00e9es 50, cette cire est utilis\u00e9e dans le monde entier pour la protection des \u0153uvres dans les mus\u00e9es mais \u00e9galement dans l&rsquo;entretien des monuments, sculptures, instruments et autres objets pr\u00e9cieux . Elle est id\u00e9ale pour une utilisation sur tous les supports : mati\u00e8res naturelles, m\u00e9taux (y compris patin\u00e9s), l&rsquo;os, les pierres, les perles fines ou de culture, la porcelaine, le bois, le papier (y compris blanc), le verre, le cuir, etc. Elle prot\u00e8ge les bijoux du ternissement et de la corrosion en formant un rev\u00eatement brillant, transparent et r\u00e9sistant. L&rsquo;id\u00e9al serait de renouveler l&rsquo;application de temps en temps, selon les conditions et la fr\u00e9quence \u00e0 laquelle vous portez vos bijoux&#8230; Mensurations Toutes les tailles de bagues sont d\u00e9termin\u00e9es \u00e0 l&rsquo;aide d&rsquo;un mandrin gradu\u00e9 pour bagues. Lorsque que l&rsquo;anneau est large, le diam\u00e8tre peut sembler plus ajust\u00e9 (cela d\u00e9pend de la morphologie du doigt). Pour les bagues d&rsquo;une largeur d&rsquo;au moins 10 mm, la mesure s&rsquo;effectue au milieu de celle-ci.<\/p>\n","protected":false},"author":1,"featured_media":0,"parent":0,"menu_order":0,"comment_status":"closed","ping_status":"closed","template":"","meta":{"footnotes":""},"class_list":["post-61","page","type-page","status-publish","hentry"],"acf":[],"_links":{"self":[{"href":"https:\/\/www.lecoindemarie.fr\/index.php\/wp-json\/wp\/v2\/pages\/61","targetHints":{"allow":["GET"]}}],"collection":[{"href":"https:\/\/www.lecoindemarie.fr\/index.php\/wp-json\/wp\/v2\/pages"}],"about":[{"href":"https:\/\/www.lecoindemarie.fr\/index.php\/wp-json\/wp\/v2\/types\/page"}],"author":[{"embeddable":true,"href":"https:\/\/www.lecoindemarie.fr\/index.php\/wp-json\/wp\/v2\/users\/1"}],"replies":[{"embeddable":true,"href":"https:\/\/www.lecoindemarie.fr\/index.php\/wp-json\/wp\/v2\/comments?post=61"}],"version-history":[{"count":99,"href":"https:\/\/www.lecoindemarie.fr\/index.php\/wp-json\/wp\/v2\/pages\/61\/revisions"}],"predecessor-version":[{"id":1741,"href":"https:\/\/www.lecoindemarie.fr\/index.php\/wp-json\/wp\/v2\/pages\/61\/revisions\/1741"}],"wp:attachment":[{"href":"https:\/\/www.lecoindemarie.fr\/index.php\/wp-json\/wp\/v2\/media?parent=61"}],"curies":[{"name":"wp","href":"https:\/\/api.w.org\/{rel}","templated":true}]}}